{"id":1590,"date":"2019-11-07T15:10:42","date_gmt":"2019-11-07T14:10:42","guid":{"rendered":"https:\/\/celpia.com\/our-innovation\/"},"modified":"2025-03-27T16:24:04","modified_gmt":"2025-03-27T15:24:04","slug":"unsere-innovation","status":"publish","type":"page","link":"https:\/\/celpia.com\/de\/unsere-innovation\/","title":{"rendered":"Unsere Innovation"},"content":{"rendered":"\t<div id=\"gap-1881802913\" class=\"gap-element clearfix gul-gap\" style=\"display:block; height:auto;\">\n\t\t\n<style>\n#gap-1881802913 {\n  padding-top: 4px;\n}\n<\/style>\n\t<\/div>\n\t\n\n  <div class=\"banner has-hover\" id=\"banner-956849425\">\n          <div class=\"banner-inner fill\">\n        <div class=\"banner-bg fill\" >\n            <img loading=\"lazy\" decoding=\"async\" width=\"1920\" height=\"1080\" src=\"https:\/\/celpia.com\/wp-content\/uploads\/2019\/11\/klipp1_0-240_0005.jpg\" class=\"bg attachment-original size-original\" alt=\"\" \/>                        <div class=\"overlay\"><\/div>            \n                    <\/div>\n\t\t\n        <div class=\"banner-layers container\">\n            <div class=\"fill banner-link\"><\/div>            \n\t<div class=\"img has-hover x95 md-x5 lg-x0 y0 md-y0 lg-y0\" id=\"image_542701379\">\n\t\t\t\t\t\t\t\t<div class=\"img-inner dark\" >\n\t\t\t<img loading=\"lazy\" decoding=\"async\" width=\"924\" height=\"800\" src=\"https:\/\/celpia.com\/wp-content\/uploads\/2019\/11\/celpia-favicon-colorwidth-1000px-1-e1573218406241-924x800.png\" class=\"attachment-large size-large\" alt=\"\" srcset=\"https:\/\/celpia.com\/wp-content\/uploads\/2019\/11\/celpia-favicon-colorwidth-1000px-1-e1573218406241-924x800.png 924w, https:\/\/celpia.com\/wp-content\/uploads\/2019\/11\/celpia-favicon-colorwidth-1000px-1-e1573218406241-462x400.png 462w, https:\/\/celpia.com\/wp-content\/uploads\/2019\/11\/celpia-favicon-colorwidth-1000px-1-e1573218406241-768x665.png 768w, https:\/\/celpia.com\/wp-content\/uploads\/2019\/11\/celpia-favicon-colorwidth-1000px-1-e1573218406241-510x442.png 510w, https:\/\/celpia.com\/wp-content\/uploads\/2019\/11\/celpia-favicon-colorwidth-1000px-1-e1573218406241.png 1155w\" sizes=\"auto, (max-width: 924px) 100vw, 924px\" \/>\t\t\t\t\t\t\n\t\t\t\t\t<\/div>\n\t\t\t\t\t\t\t\t\n<style>\n#image_542701379 {\n  width: 11%;\n}\n@media (min-width:550px) {\n  #image_542701379 {\n    width: 8%;\n  }\n}\n<\/style>\n\t<\/div>\n\t\n        <\/div>\n      <\/div>\n\n            \n<style>\n#banner-956849425 {\n  padding-top: 47px;\n}\n#banner-956849425 .overlay {\n  background-color: rgba(0, 0, 0, 0.47);\n}\n#banner-956849425 .banner-bg img {\n  object-position: 54% 46%;\n}\n@media (min-width:550px) {\n  #banner-956849425 {\n    padding-top: 134px;\n  }\n}\n@media (min-width:850px) {\n  #banner-956849425 {\n    padding-top: 187px;\n  }\n}\n<\/style>\n  <\/div>\n\n\n\n\t<section class=\"section understrukna-lankar dark\" id=\"section_271198396\">\n\t\t<div class=\"section-bg fill\" >\n\t\t\t\t\t\t\t\t\t\n\t\t\t\n\n\t\t<\/div>\n\n\t\t\n\n\t\t<div class=\"section-content relative\">\n\t\t\t\n<div class=\"row\"  id=\"row-1286898606\">\n\n\t<div id=\"col-1698917654\" class=\"col medium-6 small-12 large-6\"  >\n\t\t\t\t<div class=\"col-inner\"  >\n\t\t\t\n\t\t\t\n<h1>Schrankmodule f\u00fcr Bedienger\u00e4te \u2013 digitalisieren Sie Ihre Aktoren<\/h1>\n<p>Celpia pr\u00e4sentiert stolz die Cabinet Module, die Ihre Taster, Schalter und Anzeigen mit AS-Interface verbinden, genau wie der Rest Ihrer industriellen Automatisierung. Die Module sind mit den meisten f\u00fchrenden Marken kompatibel. Kabelverbindungen werden durch einen ASi-Bus ersetzt. Dies spart viel Zeit und Geld.\u00a0<a href=\"\/de\/produkte\/\">Klicken Sie hier, um unsere Produkte zu sehen und zu bestellen.<\/a><\/p>\n\t\t<\/div>\n\t\t\t\t\t<\/div>\n\n\t\n\n\t<div id=\"col-274444829\" class=\"col medium-6 small-12 large-6\"  >\n\t\t\t\t<div class=\"col-inner\"  >\n\t\t\t\n\t\t\t\n<h2>Die Schaltschrankmodule vereinfachen in allen Phasen Ihrer industriellen Automatisierung<\/h2>\n<p>ASi ist ein Standard in der modernen Industrieautomatisierung. F\u00fcr den direkten Anschluss von Drucktastern, Schaltern und Anzeigen an das ASi-Buskabel war er bisher nicht verf\u00fcgbar. Bis jetzt. Unsere Digitalisierungsl\u00f6sung vereinfacht die Arbeit bei der Planung und Installation der Automatisierung und macht die alte Technologie wie neu. Dies bietet Kontrolle und ein erh\u00f6htes Sicherheitsniveau. Die neuen Schaltschrankmodule von Celpia \u2013 f\u00fcr normale und spezielle Bed\u00fcrfnisse.<\/p>\n\t\t<\/div>\n\t\t\t\t\t<\/div>\n\n\t\n<\/div>\n<div class=\"text-center\"><div class=\"is-divider divider clearfix\" style=\"max-width:300px;height:2px;background-color:rgb(255, 255, 255);\"><\/div><\/div>\n<div class=\"row align-middle align-center\"  id=\"row-719342905\">\n\n\t<div id=\"col-1843319785\" class=\"col medium-6 small-12 large-6 medium-col-first\"  >\n\t\t\t\t<div class=\"col-inner\"  >\n\t\t\t\n\t\t\t\n<h2>Die Vorteile der Kabinettsmodule von Celpia:<\/h2>\n<ul>\n<li>Ein Modul f\u00fcr alle von Ihnen verwendeten Aktoren und Anzeigen<\/li>\n<li>Sparen Sie Zeit: Das Design ist einfach \u2013 eine einzige Busverbindung ersetzt bis zu Hunderte von Verbindungen<\/li>\n<li>Sparen Sie Geld: Einfache und schnelle Installation \u2013 nur ein Kabel anschlie\u00dfen<\/li>\n<li>Jedes Modul hat alle Funktionen<\/li>\n<li>IErh\u00f6hung der Verf\u00fcgbarkeit: \u00dcberwachung und Fehlerbehebung f\u00fcr Bedienger\u00e4te verf\u00fcgbar \u2013 mit dem gewohnten ASi-Standard<\/li>\n<li>Erh\u00f6hte Sicherheit: Der Einsatz der ASi-Technologie erm\u00f6glicht Diagnose und Fehler\u00fcberwachung mit ASi Master<\/li>\n<\/ul>\n\t\t<\/div>\n\t\t\t\t\t<\/div>\n\n\t\n<\/div>\n\t\t<\/div>\n\n\t\t\n<style>\n#section_271198396 {\n  padding-top: 60px;\n  padding-bottom: 60px;\n  background-color: rgb(29, 29, 29);\n}\n@media (min-width:850px) {\n  #section_271198396 {\n    padding-top: 90px;\n    padding-bottom: 90px;\n  }\n}\n<\/style>\n\t<\/section>\n\t\n\n\t<section class=\"section understrukna-lankar\" id=\"section_623238803\">\n\t\t<div class=\"section-bg fill\" >\n\t\t\t\t\t\t\t\t\t\n\t\t\t\n\n\t\t<\/div>\n\n\t\t\n\n\t\t<div class=\"section-content relative\">\n\t\t\t\n<div class=\"row\"  id=\"row-1283934884\">\n\n\t<div id=\"col-107894293\" class=\"col small-12 large-12\"  >\n\t\t\t\t<div class=\"col-inner text-center\"  >\n\t\t\t\n\t\t\t\n<div class=\"container section-title-container\" ><h3 class=\"section-title section-title-center\"><b aria-hidden=\"true\"><\/b><span class=\"section-title-main\" >Welche Arten von Modulen gibt es?<\/span><b aria-hidden=\"true\"><\/b><\/h3><\/div>\n\t<div id=\"text-1228584761\" class=\"text\">\n\t\t\n<h3><strong>Hier finden Sie Informationen zu allen unseren Produkten:<br \/>\n\u00a0<\/strong><\/h3>\n\t\t\n<style>\n#text-1228584761 {\n  text-align: center;\n}\n<\/style>\n\t<\/div>\n\t\n<a href=\"\/wp-content\/uploads\/2023\/03\/F116501-01-020-SPC001-04-Celpia-Product-Range.pdf\" target=\"_blank\" class=\"button white knapp-our-innovation\" rel=\"noopener\" >\n\t\t<span>Technisches Datenblatt: Celpia Produktpalette<\/span>\n\t<\/a>\n\n\t\t<\/div>\n\t\t\t\t\t<\/div>\n\n\t\n<\/div>\n<div class=\"row\"  id=\"row-504845741\">\n\n\t<div id=\"col-1228439640\" class=\"col medium-6 small-12 large-6\"  >\n\t\t\t\t<div class=\"col-inner\"  >\n\t\t\t\n\t<div class=\"is-border\"\n\t\tstyle=\"border-color:rgb(0, 0, 0);border-width:0px 0px 0px 0px;\">\n\t<\/div>\n\t\t\t\n\n\t\t<div class=\"icon-box featured-box icon-box-center text-center\"  >\n\t\t\t\t\t<div class=\"icon-box-img\" style=\"width: 257px\">\n\t\t\t\t<div class=\"icon\">\n\t\t\t\t\t<div class=\"icon-inner\" >\n\t\t\t\t\t\t<img loading=\"lazy\" decoding=\"async\" width=\"400\" height=\"400\" src=\"https:\/\/celpia.com\/wp-content\/uploads\/2024\/04\/CMSTD-2-400x400.jpg\" class=\"attachment-medium size-medium\" alt=\"\" srcset=\"https:\/\/celpia.com\/wp-content\/uploads\/2024\/04\/CMSTD-2-400x400.jpg 400w, https:\/\/celpia.com\/wp-content\/uploads\/2024\/04\/CMSTD-2-800x800.jpg 800w, https:\/\/celpia.com\/wp-content\/uploads\/2024\/04\/CMSTD-2-280x280.jpg 280w, https:\/\/celpia.com\/wp-content\/uploads\/2024\/04\/CMSTD-2-768x768.jpg 768w, https:\/\/celpia.com\/wp-content\/uploads\/2024\/04\/CMSTD-2-510x510.jpg 510w, https:\/\/celpia.com\/wp-content\/uploads\/2024\/04\/CMSTD-2-100x100.jpg 100w, https:\/\/celpia.com\/wp-content\/uploads\/2024\/04\/CMSTD-2.jpg 1020w\" sizes=\"auto, (max-width: 400px) 100vw, 400px\" \/>\t\t\t\t\t<\/div>\n\t\t\t\t<\/div>\n\t\t\t<\/div>\n\t\t\t\t<div class=\"icon-box-text last-reset\">\n\t\t\t<h5 class=\"uppercase\">CM STD VER. 3<\/h5>\t\t\t<h6>Technical datasheet:<\/h6>\t\t\t\n<a href=\"https:\/\/celpia.com\/wp-content\/uploads\/2024\/10\/F116501-08-010-MAN001-01-Celpia-CMSTD-2.0-Data-Sheet_241011.pdf\" target=\"_blank\" class=\"button white expand knapp-our-innovation\" rel=\"noopener\" >\n\t\t<span>CMSTD Module VER. 3<\/span>\n\t<\/a>\n\n<a href=\"https:\/\/celpia.com\/de\/kontakt\/\" class=\"button white expand knapp-our-innovation\" >\n\t\t<span>Contact us for order<\/span>\n\t<\/a>\n\n<p>The unit for all the actuators &amp; indicators you use. It can be parameterized to different indicator colors and functions.<\/p>\n<p><strong>Ready for supply of serie production<\/strong><\/p>\n\t<div id=\"gap-1327283584\" class=\"gap-element clearfix\" style=\"display:block; height:auto;\">\n\t\t\n<style>\n#gap-1327283584 {\n  padding-top: 30px;\n}\n<\/style>\n\t<\/div>\n\t\n\t\t<\/div>\n\t<\/div>\n\t\n\t\n\t\t<\/div>\n\t\t\t\t\t<\/div>\n\n\t\n\n\t<div id=\"col-672145302\" class=\"col medium-6 small-12 large-6\"  >\n\t\t\t\t<div class=\"col-inner\"  >\n\t\t\t\n\t<div class=\"is-border\"\n\t\tstyle=\"border-color:rgb(0, 0, 0);border-width:0px 0px 0px 0px;\">\n\t<\/div>\n\t\t\t\n\n\t\t<div class=\"icon-box featured-box icon-box-center text-center\"  >\n\t\t\t\t\t<div class=\"icon-box-img\" style=\"width: 257px\">\n\t\t\t\t<div class=\"icon\">\n\t\t\t\t\t<div class=\"icon-inner\" >\n\t\t\t\t\t\t<img loading=\"lazy\" decoding=\"async\" width=\"400\" height=\"400\" src=\"https:\/\/celpia.com\/wp-content\/uploads\/2024\/04\/CMSAFE-2-400x400.jpg\" class=\"attachment-medium size-medium\" alt=\"\" srcset=\"https:\/\/celpia.com\/wp-content\/uploads\/2024\/04\/CMSAFE-2-400x400.jpg 400w, https:\/\/celpia.com\/wp-content\/uploads\/2024\/04\/CMSAFE-2-801x800.jpg 801w, https:\/\/celpia.com\/wp-content\/uploads\/2024\/04\/CMSAFE-2-280x280.jpg 280w, https:\/\/celpia.com\/wp-content\/uploads\/2024\/04\/CMSAFE-2-768x767.jpg 768w, https:\/\/celpia.com\/wp-content\/uploads\/2024\/04\/CMSAFE-2-510x510.jpg 510w, https:\/\/celpia.com\/wp-content\/uploads\/2024\/04\/CMSAFE-2-100x100.jpg 100w, https:\/\/celpia.com\/wp-content\/uploads\/2024\/04\/CMSAFE-2.jpg 1055w\" sizes=\"auto, (max-width: 400px) 100vw, 400px\" \/>\t\t\t\t\t<\/div>\n\t\t\t\t<\/div>\n\t\t\t<\/div>\n\t\t\t\t<div class=\"icon-box-text last-reset\">\n\t\t\t<h5 class=\"uppercase\">CM SAFE VER. 3<\/h5>\t\t\t<h6>Technical datasheet:<\/h6>\t\t\t\n<a href=\"https:\/\/celpia.com\/wp-content\/uploads\/2024\/10\/F116501-09-010-MAN001-01-Celpia-CMSAFE-2.0-Data-Sheet_241011.pdf\" target=\"_blank\" class=\"button white expand knapp-our-innovation\" rel=\"noopener\" >\n\t\t<span>Safety VER. 3<\/span>\n\t<\/a>\n\n<a href=\"https:\/\/celpia.com\/de\/kontakt\/\" class=\"button white expand knapp-our-innovation\" >\n\t\t<span>Contact us for order<\/span>\n\t<\/a>\n\n<p>Connects all your safety operator devices to one unit. This includes emergency stops, two-hand control and acknowledgment.<\/p>\n<p><strong>Ready for supply of serie production<\/strong><\/p>\n\t\t<\/div>\n\t<\/div>\n\t\n\t\n\t\t<\/div>\n\t\t\t\t\n<style>\n#col-672145302 > .col-inner {\n  padding: 0px 0px 0px 0px;\n}\n<\/style>\n\t<\/div>\n\n\t\n\n\t<div id=\"col-1339719949\" class=\"col medium-6 small-12 large-6\"  >\n\t\t\t\t<div class=\"col-inner\"  >\n\t\t\t\n\t\t\t\n\n\t\t<div class=\"icon-box featured-box icon-box-center text-center\"  >\n\t\t\t\t\t<div class=\"icon-box-img\" style=\"width: 60px\">\n\t\t\t\t<div class=\"icon\">\n\t\t\t\t\t<div class=\"icon-inner\" >\n\t\t\t\t\t\t<?xml version=\"1.0\" encoding=\"UTF-8\"?> <!-- Generator: Adobe Illustrator 19.0.0, SVG Export Plug-In . SVG Version: 6.00 Build 0) --> <svg xmlns=\"http:\/\/www.w3.org\/2000\/svg\" xmlns:xlink=\"http:\/\/www.w3.org\/1999\/xlink\" id=\"Capa_1\" x=\"0px\" y=\"0px\" viewBox=\"0 0 59 59\" style=\"enable-background:new 0 0 59 59;\" xml:space=\"preserve\"> <g> <path d=\"M52,21c-0.553,0-1,0.447-1,1v32H2V5h49v1c0,0.553,0.447,1,1,1s1-0.447,1-1V3H0v53h53V22C53,21.447,52.553,21,52,21z\"><\/path> <path d=\"M58.707,7.293c-0.391-0.391-1.023-0.391-1.414,0L27,37.586l-13.07-13.07c-0.391-0.391-1.023-0.391-1.414,0 s-0.391,1.023,0,1.414l13.777,13.777C26.488,39.902,26.744,40,27,40s0.512-0.098,0.707-0.293l31-31 C59.098,8.316,59.098,7.684,58.707,7.293z\"><\/path> <\/g> <g> <\/g> <g> <\/g> <g> <\/g> <g> <\/g> <g> <\/g> <g> <\/g> <g> <\/g> <g> <\/g> <g> <\/g> <g> <\/g> <g> <\/g> <g> <\/g> <g> <\/g> <g> <\/g> <g> <\/g> <\/svg> \t\t\t\t\t<\/div>\n\t\t\t\t<\/div>\n\t\t\t<\/div>\n\t\t\t\t<div class=\"icon-box-text last-reset\">\n\t\t\t<h5 class=\"uppercase\">CM SAFE VER. 5<\/h5>\t\t\t\t\t\t\n<p>Replaces All type of contact block and fit All emergency stop button and other safety pushbuttons.One Safety module to fit all known brands of emergency stop buttons.<\/p>\n<p>Easy tool-free installation and connection using a AS-Interface standard \u201ccabinet cable\u201d. Include Standard LED and Light settings specially design for Emergency pushbuttons.<\/p>\n<p><strong>Release date TBA<\/strong><\/p>\n\t\t<\/div>\n\t<\/div>\n\t\n\t\n\t\t<\/div>\n\t\t\t\t\t<\/div>\n\n\t\n\n\t<div id=\"col-1787699600\" class=\"col medium-6 small-12 large-6\"  >\n\t\t\t\t<div class=\"col-inner\"  >\n\t\t\t\n\t\t\t\n\n\t\t<div class=\"icon-box featured-box icon-box-center text-center\"  >\n\t\t\t\t\t<div class=\"icon-box-img\" style=\"width: 60px\">\n\t\t\t\t<div class=\"icon\">\n\t\t\t\t\t<div class=\"icon-inner\" >\n\t\t\t\t\t\t<?xml version=\"1.0\" encoding=\"UTF-8\"?> <!-- Generator: Adobe Illustrator 19.0.0, SVG Export Plug-In . SVG Version: 6.00 Build 0) --> <svg xmlns=\"http:\/\/www.w3.org\/2000\/svg\" xmlns:xlink=\"http:\/\/www.w3.org\/1999\/xlink\" id=\"Capa_1\" x=\"0px\" y=\"0px\" viewBox=\"0 0 59 59\" style=\"enable-background:new 0 0 59 59;\" xml:space=\"preserve\"> <g> <path d=\"M52,21c-0.553,0-1,0.447-1,1v32H2V5h49v1c0,0.553,0.447,1,1,1s1-0.447,1-1V3H0v53h53V22C53,21.447,52.553,21,52,21z\"><\/path> <path d=\"M58.707,7.293c-0.391-0.391-1.023-0.391-1.414,0L27,37.586l-13.07-13.07c-0.391-0.391-1.023-0.391-1.414,0 s-0.391,1.023,0,1.414l13.777,13.777C26.488,39.902,26.744,40,27,40s0.512-0.098,0.707-0.293l31-31 C59.098,8.316,59.098,7.684,58.707,7.293z\"><\/path> <\/g> <g> <\/g> <g> <\/g> <g> <\/g> <g> <\/g> <g> <\/g> <g> <\/g> <g> <\/g> <g> <\/g> <g> <\/g> <g> <\/g> <g> <\/g> <g> <\/g> <g> <\/g> <g> <\/g> <g> <\/g> <\/svg> \t\t\t\t\t<\/div>\n\t\t\t\t<\/div>\n\t\t\t<\/div>\n\t\t\t\t<div class=\"icon-box-text last-reset\">\n\t\t\t<h5 class=\"uppercase\">CM MUL + CM EXP VER. 5<\/h5>\t\t\t\t\t\t\n<p>Safety protocol included.<\/p>\n<p>Attachment monitor function, ensure error-free connection.<\/p>\n<p>Same functions as CMSAFE or CMSTD, depending on configuration.<\/p>\n<p>Works as Master Module for CMEXP (Expansion Module) and can handle up to 8 CMEXP.\u00a0 CM EXP have the same function as CM STD.<\/p>\n<p><strong>Release date TBA.<\/strong><\/p>\n\t\t<\/div>\n\t<\/div>\n\t\n\t\n\t<div id=\"gap-81814927\" class=\"gap-element clearfix\" style=\"display:block; height:auto;\">\n\t\t\n<style>\n#gap-81814927 {\n  padding-top: 30px;\n}\n<\/style>\n\t<\/div>\n\t\n\t\t<\/div>\n\t\t\t\t\t<\/div>\n\n\t\n<\/div>\n<div class=\"row\"  id=\"row-1974805290\">\n\n\t<div id=\"col-263799002\" class=\"col medium-4 small-12 large-4\"  >\n\t\t\t\t<div class=\"col-inner\"  >\n\t\t\t\n\t\t\t\n\t<div id=\"gap-992157831\" class=\"gap-element clearfix\" style=\"display:block; height:auto;\">\n\t\t\n<style>\n#gap-992157831 {\n  padding-top: 30px;\n}\n<\/style>\n\t<\/div>\n\t\n\t\t<\/div>\n\t\t\t\t\t<\/div>\n\n\t\n<\/div>\n<a href=\"https:\/\/celpia.com\/de\/kontakt\/\" class=\"button white expand knapp-our-innovation\" >\n\t\t<span>Kontaktieren Sie uns f\u00fcr eine Bestellung<\/span>\n\t<\/a>\n\n\n<div class=\"text-center\"><div class=\"is-divider divider clearfix\" style=\"margin-top:2.0em;margin-bottom:2.0em;max-width:300px;height:2px;background-color:rgb(0, 0, 0);\"><\/div><\/div>\n<div class=\"row align-middle align-center\"  id=\"row-683308325\">\n\n\t<div id=\"col-993747277\" class=\"col medium-6 small-12 large-6\"  >\n\t\t\t\t<div class=\"col-inner\"  >\n\t\t\t\n\t\t\t\n\t<div class=\"img has-hover x md-x lg-x y md-y lg-y\" id=\"image_275107380\">\n\t\t\t\t\t\t\t\t<div class=\"img-inner dark\" >\n\t\t\t<img loading=\"lazy\" decoding=\"async\" width=\"1920\" height=\"1080\" src=\"https:\/\/celpia.com\/wp-content\/uploads\/2025\/03\/klipp4_b_700-741_0702.jpg\" class=\"attachment-original size-original\" alt=\"\" srcset=\"https:\/\/celpia.com\/wp-content\/uploads\/2025\/03\/klipp4_b_700-741_0702.jpg 1920w, https:\/\/celpia.com\/wp-content\/uploads\/2025\/03\/klipp4_b_700-741_0702-711x400.jpg 711w, https:\/\/celpia.com\/wp-content\/uploads\/2025\/03\/klipp4_b_700-741_0702-1400x788.jpg 1400w, https:\/\/celpia.com\/wp-content\/uploads\/2025\/03\/klipp4_b_700-741_0702-768x432.jpg 768w, https:\/\/celpia.com\/wp-content\/uploads\/2025\/03\/klipp4_b_700-741_0702-1536x864.jpg 1536w, https:\/\/celpia.com\/wp-content\/uploads\/2025\/03\/klipp4_b_700-741_0702-510x287.jpg 510w\" sizes=\"auto, (max-width: 1920px) 100vw, 1920px\" \/>\t\t\t\t\t\t\n\t\t\t\t\t<\/div>\n\t\t\t\t\t\t\t\t\n<style>\n#image_275107380 {\n  width: 100%;\n}\n<\/style>\n\t<\/div>\n\t\n\t\t<\/div>\n\t\t\t\t\t<\/div>\n\n\t\n\n\t<div id=\"col-1667864493\" class=\"col medium-6 small-12 large-6 medium-col-first\"  >\n\t\t\t\t<div class=\"col-inner\"  >\n\t\t\t\n\t\t\t\n<h2>Wie sieht es mit der Kompatibilit\u00e4t aus?<\/h2>\n<p>Die Module sind mit den meisten g\u00e4ngigen Marken kompatibel, wie z.B: ABB, Tayee, Autonics, BACO, EAO, Sprecher Schuh, Benedict, Schneider Electric, IDEC, RAFI, Siemens, Eaton, Omron und andere.<\/p>\n<p>Fehlt eine Marke?\u00a0<\/p>\n<p><a href=\"https:\/\/web.archive.org\/web\/20221127083751\/https:\/\/celpia.com\/de\/kontakt\/\" data-wplink-edit=\"true\">Kontaktieren Sie uns hier<\/a>.<\/p>\n\t\t<\/div>\n\t\t\t\t\t<\/div>\n\n\t\n<\/div>\n\t\t<\/div>\n\n\t\t\n<style>\n#section_623238803 {\n  padding-top: 60px;\n  padding-bottom: 60px;\n}\n@media (min-width:850px) {\n  #section_623238803 {\n    padding-top: 90px;\n    padding-bottom: 90px;\n  }\n}\n<\/style>\n\t<\/section>\n\t\n\n","protected":false},"excerpt":{"rendered":"","protected":false},"author":2184,"featured_media":0,"parent":0,"menu_order":0,"comment_status":"closed","ping_status":"closed","template":"page-blank.php","meta":{"footnotes":""},"class_list":["post-1590","page","type-page","status-publish","hentry"],"yoast_head":"<!-- This site is optimized with the Yoast SEO plugin v27.4 - https:\/\/yoast.com\/product\/yoast-seo-wordpress\/ -->\n<title>Cabinet modules for operator units - Celpia brings digitizing revolution<\/title>\n<meta name=\"description\" content=\"Celpia proudly presents the cabinet modules, which connect operator units such as push buttons, switches and indicators to the AS-Interface.\" \/>\n<meta name=\"robots\" content=\"index, follow, max-snippet:-1, max-image-preview:large, max-video-preview:-1\" \/>\n<link rel=\"canonical\" href=\"https:\/\/celpia.com\/de\/unsere-innovation\/\" \/>\n<meta property=\"og:locale\" content=\"de_DE\" \/>\n<meta property=\"og:type\" content=\"article\" \/>\n<meta property=\"og:title\" content=\"Cabinet modules for operator units - Celpia brings digitizing revolution\" \/>\n<meta property=\"og:description\" content=\"Celpia proudly presents the cabinet modules, which connect operator units such as push buttons, switches and indicators to the AS-Interface.\" \/>\n<meta property=\"og:url\" content=\"https:\/\/celpia.com\/de\/unsere-innovation\/\" \/>\n<meta property=\"og:site_name\" content=\"Celpia\" \/>\n<meta property=\"article:modified_time\" content=\"2025-03-27T15:24:04+00:00\" \/>\n<meta name=\"twitter:card\" content=\"summary_large_image\" \/>\n<meta name=\"twitter:label1\" content=\"Gesch\u00e4tzte Lesezeit\" \/>\n\t<meta name=\"twitter:data1\" content=\"4\u00a0Minuten\" \/>\n<script type=\"application\/ld+json\" class=\"yoast-schema-graph\">{\"@context\":\"https:\\\/\\\/schema.org\",\"@graph\":[{\"@type\":\"WebPage\",\"@id\":\"https:\\\/\\\/celpia.com\\\/de\\\/unsere-innovation\\\/\",\"url\":\"https:\\\/\\\/celpia.com\\\/de\\\/unsere-innovation\\\/\",\"name\":\"Cabinet modules for operator units - Celpia brings digitizing revolution\",\"isPartOf\":{\"@id\":\"https:\\\/\\\/celpia.com\\\/de\\\/#website\"},\"datePublished\":\"2019-11-07T14:10:42+00:00\",\"dateModified\":\"2025-03-27T15:24:04+00:00\",\"description\":\"Celpia proudly presents the cabinet modules, which connect operator units such as push buttons, switches and indicators to the AS-Interface.\",\"breadcrumb\":{\"@id\":\"https:\\\/\\\/celpia.com\\\/de\\\/unsere-innovation\\\/#breadcrumb\"},\"inLanguage\":\"de\",\"potentialAction\":[{\"@type\":\"ReadAction\",\"target\":[\"https:\\\/\\\/celpia.com\\\/de\\\/unsere-innovation\\\/\"]}]},{\"@type\":\"BreadcrumbList\",\"@id\":\"https:\\\/\\\/celpia.com\\\/de\\\/unsere-innovation\\\/#breadcrumb\",\"itemListElement\":[{\"@type\":\"ListItem\",\"position\":1,\"name\":\"Home\",\"item\":\"https:\\\/\\\/celpia.com\\\/de\\\/\"},{\"@type\":\"ListItem\",\"position\":2,\"name\":\"Unsere Innovation\"}]},{\"@type\":\"WebSite\",\"@id\":\"https:\\\/\\\/celpia.com\\\/de\\\/#website\",\"url\":\"https:\\\/\\\/celpia.com\\\/de\\\/\",\"name\":\"Celpia\",\"description\":\"Digitizing operator devices by connecting pushbuttons, switches and indicators to the AS-Interface standard\",\"potentialAction\":[{\"@type\":\"SearchAction\",\"target\":{\"@type\":\"EntryPoint\",\"urlTemplate\":\"https:\\\/\\\/celpia.com\\\/de\\\/?s={search_term_string}\"},\"query-input\":{\"@type\":\"PropertyValueSpecification\",\"valueRequired\":true,\"valueName\":\"search_term_string\"}}],\"inLanguage\":\"de\"}]}<\/script>\n<!-- \/ Yoast SEO plugin. -->","yoast_head_json":{"title":"Cabinet modules for operator units - Celpia brings digitizing revolution","description":"Celpia proudly presents the cabinet modules, which connect operator units such as push buttons, switches and indicators to the AS-Interface.","robots":{"index":"index","follow":"follow","max-snippet":"max-snippet:-1","max-image-preview":"max-image-preview:large","max-video-preview":"max-video-preview:-1"},"canonical":"https:\/\/celpia.com\/de\/unsere-innovation\/","og_locale":"de_DE","og_type":"article","og_title":"Cabinet modules for operator units - Celpia brings digitizing revolution","og_description":"Celpia proudly presents the cabinet modules, which connect operator units such as push buttons, switches and indicators to the AS-Interface.","og_url":"https:\/\/celpia.com\/de\/unsere-innovation\/","og_site_name":"Celpia","article_modified_time":"2025-03-27T15:24:04+00:00","twitter_card":"summary_large_image","twitter_misc":{"Gesch\u00e4tzte Lesezeit":"4\u00a0Minuten"},"schema":{"@context":"https:\/\/schema.org","@graph":[{"@type":"WebPage","@id":"https:\/\/celpia.com\/de\/unsere-innovation\/","url":"https:\/\/celpia.com\/de\/unsere-innovation\/","name":"Cabinet modules for operator units - Celpia brings digitizing revolution","isPartOf":{"@id":"https:\/\/celpia.com\/de\/#website"},"datePublished":"2019-11-07T14:10:42+00:00","dateModified":"2025-03-27T15:24:04+00:00","description":"Celpia proudly presents the cabinet modules, which connect operator units such as push buttons, switches and indicators to the AS-Interface.","breadcrumb":{"@id":"https:\/\/celpia.com\/de\/unsere-innovation\/#breadcrumb"},"inLanguage":"de","potentialAction":[{"@type":"ReadAction","target":["https:\/\/celpia.com\/de\/unsere-innovation\/"]}]},{"@type":"BreadcrumbList","@id":"https:\/\/celpia.com\/de\/unsere-innovation\/#breadcrumb","itemListElement":[{"@type":"ListItem","position":1,"name":"Home","item":"https:\/\/celpia.com\/de\/"},{"@type":"ListItem","position":2,"name":"Unsere Innovation"}]},{"@type":"WebSite","@id":"https:\/\/celpia.com\/de\/#website","url":"https:\/\/celpia.com\/de\/","name":"Celpia","description":"Digitizing operator devices by connecting pushbuttons, switches and indicators to the AS-Interface standard","potentialAction":[{"@type":"SearchAction","target":{"@type":"EntryPoint","urlTemplate":"https:\/\/celpia.com\/de\/?s={search_term_string}"},"query-input":{"@type":"PropertyValueSpecification","valueRequired":true,"valueName":"search_term_string"}}],"inLanguage":"de"}]}},"_links":{"self":[{"href":"https:\/\/celpia.com\/de\/wp-json\/wp\/v2\/pages\/1590","targetHints":{"allow":["GET"]}}],"collection":[{"href":"https:\/\/celpia.com\/de\/wp-json\/wp\/v2\/pages"}],"about":[{"href":"https:\/\/celpia.com\/de\/wp-json\/wp\/v2\/types\/page"}],"author":[{"embeddable":true,"href":"https:\/\/celpia.com\/de\/wp-json\/wp\/v2\/users\/2184"}],"replies":[{"embeddable":true,"href":"https:\/\/celpia.com\/de\/wp-json\/wp\/v2\/comments?post=1590"}],"version-history":[{"count":8,"href":"https:\/\/celpia.com\/de\/wp-json\/wp\/v2\/pages\/1590\/revisions"}],"predecessor-version":[{"id":14200,"href":"https:\/\/celpia.com\/de\/wp-json\/wp\/v2\/pages\/1590\/revisions\/14200"}],"wp:attachment":[{"href":"https:\/\/celpia.com\/de\/wp-json\/wp\/v2\/media?parent=1590"}],"curies":[{"name":"wp","href":"https:\/\/api.w.org\/{rel}","templated":true}]}}