{"id":1598,"date":"2019-11-07T16:57:09","date_gmt":"2019-11-07T15:57:09","guid":{"rendered":"https:\/\/celpia.com\/more-about-asi\/"},"modified":"2025-03-27T16:29:37","modified_gmt":"2025-03-27T15:29:37","slug":"mehr-ueber-asi","status":"publish","type":"page","link":"https:\/\/celpia.com\/de\/mehr-ueber-asi\/","title":{"rendered":"Mehr \u00fcber ASI"},"content":{"rendered":"\t<div id=\"gap-751813277\" class=\"gap-element clearfix gul-gap\" style=\"display:block; height:auto;\">\n\t\t\n<style>\n#gap-751813277 {\n  padding-top: 4px;\n}\n<\/style>\n\t<\/div>\n\t\n\n  <div class=\"banner has-hover\" id=\"banner-1234266562\">\n          <div class=\"banner-inner fill\">\n        <div class=\"banner-bg fill\" >\n            <img loading=\"lazy\" decoding=\"async\" width=\"1920\" height=\"1080\" src=\"https:\/\/celpia.com\/wp-content\/uploads\/2019\/11\/klipp1_0-240_0005.jpg\" class=\"bg attachment-original size-original\" alt=\"\" \/>                        <div class=\"overlay\"><\/div>            \n                    <\/div>\n\t\t\n        <div class=\"banner-layers container\">\n            <div class=\"fill banner-link\"><\/div>            \n\t<div class=\"img has-hover x95 md-x5 lg-x0 y0 md-y0 lg-y0\" id=\"image_1252072255\">\n\t\t\t\t\t\t\t\t<div class=\"img-inner dark\" >\n\t\t\t<img loading=\"lazy\" decoding=\"async\" width=\"924\" height=\"800\" src=\"https:\/\/celpia.com\/wp-content\/uploads\/2019\/11\/celpia-favicon-colorwidth-1000px-1-e1573218406241-924x800.png\" class=\"attachment-large size-large\" alt=\"\" srcset=\"https:\/\/celpia.com\/wp-content\/uploads\/2019\/11\/celpia-favicon-colorwidth-1000px-1-e1573218406241-924x800.png 924w, https:\/\/celpia.com\/wp-content\/uploads\/2019\/11\/celpia-favicon-colorwidth-1000px-1-e1573218406241-462x400.png 462w, https:\/\/celpia.com\/wp-content\/uploads\/2019\/11\/celpia-favicon-colorwidth-1000px-1-e1573218406241-768x665.png 768w, https:\/\/celpia.com\/wp-content\/uploads\/2019\/11\/celpia-favicon-colorwidth-1000px-1-e1573218406241-510x442.png 510w, https:\/\/celpia.com\/wp-content\/uploads\/2019\/11\/celpia-favicon-colorwidth-1000px-1-e1573218406241.png 1155w\" sizes=\"auto, (max-width: 924px) 100vw, 924px\" \/>\t\t\t\t\t\t\n\t\t\t\t\t<\/div>\n\t\t\t\t\t\t\t\t\n<style>\n#image_1252072255 {\n  width: 11%;\n}\n@media (min-width:550px) {\n  #image_1252072255 {\n    width: 8%;\n  }\n}\n<\/style>\n\t<\/div>\n\t\n        <\/div>\n      <\/div>\n\n            \n<style>\n#banner-1234266562 {\n  padding-top: 47px;\n}\n#banner-1234266562 .overlay {\n  background-color: rgba(0, 0, 0, 0.47);\n}\n#banner-1234266562 .banner-bg img {\n  object-position: 41% 50%;\n}\n@media (min-width:550px) {\n  #banner-1234266562 {\n    padding-top: 134px;\n  }\n}\n@media (min-width:850px) {\n  #banner-1234266562 {\n    padding-top: 187px;\n  }\n}\n<\/style>\n  <\/div>\n\n\n\n\t<section class=\"section understrukna-lankar dark\" id=\"section_572096329\">\n\t\t<div class=\"section-bg fill\" >\n\t\t\t\t\t\t\t\t\t\n\t\t\t\n\n\t\t<\/div>\n\n\t\t\n\n\t\t<div class=\"section-content relative\">\n\t\t\t\n<div class=\"row\"  id=\"row-1377706618\">\n\n\t<div id=\"col-589601188\" class=\"col small-12 large-12\"  >\n\t\t\t\t<div class=\"col-inner\"  >\n\t\t\t\n\t\t\t\n<div class=\"container section-title-container wrapper\" ><h1 class=\"section-title section-title-center\"><b aria-hidden=\"true\"><\/b><span class=\"section-title-main\" style=\"font-size:222%;color:rgb(255, 255, 255);\">WAS IST ASI?<\/span><b aria-hidden=\"true\"><\/b><\/h1><\/div>\n\t\t<\/div>\n\t\t\t\t\t<\/div>\n\n\t\n<\/div>\n<div class=\"row align-middle align-center\"  id=\"row-525311868\">\n\n\t<div id=\"col-1087407745\" class=\"col medium-6 small-12 large-6 medium-col-first\"  >\n\t\t\t\t<div class=\"col-inner\"  >\n\t\t\t\n\t\t\t\n<h1>AS-Interface &#8211; ein modernes, kosteng\u00fcnstiges Automatisierungssystem<\/h1>\n<p>Die von Celpia hergestellten Cabinet-Module basieren auf AS-Interface, oder ASi, wie es abgek\u00fcrzt wird. Die Erkl\u00e4rung daf\u00fcr ist einfach: Es handelt sich um ein modernes, kosteng\u00fcnstiges System, das von vielen Unternehmen in der Branche eingesetzt wird und sich auf die untere Feldebene konzentriert <a href=\"\/de\/unsere-innovation\/\"> Klicken Sie hier, um mehr \u00fcber unsere Schaltschrankmodule zu erfahren.<\/a><\/p>\n<h2>Einfache Installation<\/h2>\n<p>Es gibt viele Sensoren und Aktoren, die mit einer einfachen Installation \u00fcber das spezielle Kabel von AS-Interface angeschlossen werden k\u00f6nnen. Der Verkabelungsprozess wird dadurch stark vereinfacht. Die Schrankmodule von Celpia folgen dem gleichen Prinzip.<\/p>\n\t\t<\/div>\n\t\t\t\t\t<\/div>\n\n\t\n\n\t<div id=\"col-822861227\" class=\"col medium-6 small-12 large-6\"  >\n\t\t\t\t<div class=\"col-inner\"  >\n\t\t\t\n\t\t\t\n\t<div class=\"img has-hover x md-x lg-x y md-y lg-y\" id=\"image_1226522796\">\n\t\t\t\t\t\t\t\t<div class=\"img-inner dark\" >\n\t\t\t<img loading=\"lazy\" decoding=\"async\" width=\"1920\" height=\"1080\" src=\"https:\/\/celpia.com\/wp-content\/uploads\/2025\/03\/klipp2_b_399-547_0502.jpg\" class=\"attachment-original size-original\" alt=\"\" srcset=\"https:\/\/celpia.com\/wp-content\/uploads\/2025\/03\/klipp2_b_399-547_0502.jpg 1920w, https:\/\/celpia.com\/wp-content\/uploads\/2025\/03\/klipp2_b_399-547_0502-711x400.jpg 711w, https:\/\/celpia.com\/wp-content\/uploads\/2025\/03\/klipp2_b_399-547_0502-1400x788.jpg 1400w, https:\/\/celpia.com\/wp-content\/uploads\/2025\/03\/klipp2_b_399-547_0502-768x432.jpg 768w, https:\/\/celpia.com\/wp-content\/uploads\/2025\/03\/klipp2_b_399-547_0502-1536x864.jpg 1536w, https:\/\/celpia.com\/wp-content\/uploads\/2025\/03\/klipp2_b_399-547_0502-510x287.jpg 510w\" sizes=\"auto, (max-width: 1920px) 100vw, 1920px\" \/>\t\t\t\t\t\t\n\t\t\t\t\t<\/div>\n\t\t\t\t\t\t\t\t\n<style>\n#image_1226522796 {\n  width: 100%;\n}\n<\/style>\n\t<\/div>\n\t\n\t\t<\/div>\n\t\t\t\t\t<\/div>\n\n\t\n<\/div>\n\t\t<\/div>\n\n\t\t\n<style>\n#section_572096329 {\n  padding-top: 60px;\n  padding-bottom: 60px;\n  background-color: rgb(29, 29, 29);\n}\n@media (min-width:850px) {\n  #section_572096329 {\n    padding-top: 90px;\n    padding-bottom: 90px;\n  }\n}\n<\/style>\n\t<\/section>\n\t\n\n\t<section class=\"section understrukna-lankar\" id=\"section_181222969\">\n\t\t<div class=\"section-bg fill\" >\n\t\t\t\t\t\t\t\t\t\n\t\t\t\n\n\t\t<\/div>\n\n\t\t\n\n\t\t<div class=\"section-content relative\">\n\t\t\t\n<div class=\"row align-middle align-center\"  id=\"row-1009355586\">\n\n\t<div id=\"col-2113689100\" class=\"col medium-6 small-12 large-6\"  >\n\t\t\t\t<div class=\"col-inner\"  >\n\t\t\t\n\t\t\t\n\t<div class=\"img has-hover x md-x lg-x y md-y lg-y\" id=\"image_827793777\">\n\t\t\t\t\t\t\t\t<div class=\"img-inner dark\" >\n\t\t\t<img loading=\"lazy\" decoding=\"async\" width=\"1920\" height=\"1080\" src=\"https:\/\/celpia.com\/wp-content\/uploads\/2025\/03\/spikes_0481.jpg\" class=\"attachment-original size-original\" alt=\"\" srcset=\"https:\/\/celpia.com\/wp-content\/uploads\/2025\/03\/spikes_0481.jpg 1920w, https:\/\/celpia.com\/wp-content\/uploads\/2025\/03\/spikes_0481-711x400.jpg 711w, https:\/\/celpia.com\/wp-content\/uploads\/2025\/03\/spikes_0481-1400x788.jpg 1400w, https:\/\/celpia.com\/wp-content\/uploads\/2025\/03\/spikes_0481-768x432.jpg 768w, https:\/\/celpia.com\/wp-content\/uploads\/2025\/03\/spikes_0481-1536x864.jpg 1536w, https:\/\/celpia.com\/wp-content\/uploads\/2025\/03\/spikes_0481-510x287.jpg 510w\" sizes=\"auto, (max-width: 1920px) 100vw, 1920px\" \/>\t\t\t\t\t\t\n\t\t\t\t\t<\/div>\n\t\t\t\t\t\t\t\t\n<style>\n#image_827793777 {\n  width: 100%;\n}\n<\/style>\n\t<\/div>\n\t\n\t\t<\/div>\n\t\t\t\t\t<\/div>\n\n\t\n\n\t<div id=\"col-2093801871\" class=\"col medium-6 small-12 large-6 medium-col-first\"  >\n\t\t\t\t<div class=\"col-inner\"  >\n\t\t\t\n\t\t\t\n<h2>Warum Celpia dieses System verwendet<\/h2>\n<\/p>\n<ul>\n<li>Direkter und einfacher Anschluss von Sensoren \/ Aktoren oder Modulen\n<\/li>\n<li>Verpolungsschutz<\/li>\n<li>Daten und Strom \u00fcber dasselbe Kabel<\/li>\n<li>Piercing-Technologie\n<\/li>\n<li>Einfache Verbindungstechnik\n<\/li>\n<li>Sichere Verbindung<\/li>\n<li>Kein Schneiden und Abisolieren von Kabeln erforderlich\n<\/li>\n<li>Kann in jeder Position montiert werden\n<\/li>\n<\/ul>\n<a href=\"https:\/\/www.as-interface.net\/en\/\" target=\"_blank\" class=\"button secondary expand\" rel=\"noopener\" >\n\t\t<span>WEITERE INFORMATIONEN FINDEN SIE AUF ASI'S WEBSEITE.<\/span>\n\t<\/a>\n\n\t\t<\/div>\n\t\t\t\t\t<\/div>\n\n\t\n<\/div>\n\t\t<\/div>\n\n\t\t\n<style>\n#section_181222969 {\n  padding-top: 60px;\n  padding-bottom: 60px;\n}\n@media (min-width:850px) {\n  #section_181222969 {\n    padding-top: 90px;\n    padding-bottom: 90px;\n  }\n}\n<\/style>\n\t<\/section>\n\t\n","protected":false},"excerpt":{"rendered":"","protected":false},"author":2184,"featured_media":0,"parent":0,"menu_order":0,"comment_status":"closed","ping_status":"closed","template":"page-blank.php","meta":{"footnotes":""},"class_list":["post-1598","page","type-page","status-publish","hentry"],"yoast_head":"<!-- This site is optimized with the Yoast SEO plugin v27.4 - https:\/\/yoast.com\/product\/yoast-seo-wordpress\/ -->\n<title>Mehr \u00fcber ASI - Learn why Celpia uses this standard<\/title>\n<meta name=\"description\" content=\"Read more about what AS-Interface (ASi) is and why we choose to work with this system. Contact us if you want to know more.\" \/>\n<meta name=\"robots\" content=\"index, follow, max-snippet:-1, max-image-preview:large, max-video-preview:-1\" \/>\n<link rel=\"canonical\" href=\"https:\/\/celpia.com\/de\/mehr-ueber-asi\/\" \/>\n<meta property=\"og:locale\" content=\"de_DE\" \/>\n<meta property=\"og:type\" content=\"article\" \/>\n<meta property=\"og:title\" content=\"Mehr \u00fcber ASI - Learn why Celpia uses this standard\" \/>\n<meta property=\"og:description\" content=\"Read more about what AS-Interface (ASi) is and why we choose to work with this system. Contact us if you want to know more.\" \/>\n<meta property=\"og:url\" content=\"https:\/\/celpia.com\/de\/mehr-ueber-asi\/\" \/>\n<meta property=\"og:site_name\" content=\"Celpia\" \/>\n<meta property=\"article:modified_time\" content=\"2025-03-27T15:29:37+00:00\" \/>\n<meta name=\"twitter:card\" content=\"summary_large_image\" \/>\n<meta name=\"twitter:label1\" content=\"Gesch\u00e4tzte Lesezeit\" \/>\n\t<meta name=\"twitter:data1\" content=\"2\u00a0Minuten\" \/>\n<script type=\"application\/ld+json\" class=\"yoast-schema-graph\">{\"@context\":\"https:\\\/\\\/schema.org\",\"@graph\":[{\"@type\":\"WebPage\",\"@id\":\"https:\\\/\\\/celpia.com\\\/de\\\/mehr-ueber-asi\\\/\",\"url\":\"https:\\\/\\\/celpia.com\\\/de\\\/mehr-ueber-asi\\\/\",\"name\":\"Mehr \u00fcber ASI - Learn why Celpia uses this standard\",\"isPartOf\":{\"@id\":\"https:\\\/\\\/celpia.com\\\/de\\\/#website\"},\"datePublished\":\"2019-11-07T15:57:09+00:00\",\"dateModified\":\"2025-03-27T15:29:37+00:00\",\"description\":\"Read more about what AS-Interface (ASi) is and why we choose to work with this system. Contact us if you want to know more.\",\"breadcrumb\":{\"@id\":\"https:\\\/\\\/celpia.com\\\/de\\\/mehr-ueber-asi\\\/#breadcrumb\"},\"inLanguage\":\"de\",\"potentialAction\":[{\"@type\":\"ReadAction\",\"target\":[\"https:\\\/\\\/celpia.com\\\/de\\\/mehr-ueber-asi\\\/\"]}]},{\"@type\":\"BreadcrumbList\",\"@id\":\"https:\\\/\\\/celpia.com\\\/de\\\/mehr-ueber-asi\\\/#breadcrumb\",\"itemListElement\":[{\"@type\":\"ListItem\",\"position\":1,\"name\":\"Home\",\"item\":\"https:\\\/\\\/celpia.com\\\/de\\\/\"},{\"@type\":\"ListItem\",\"position\":2,\"name\":\"Mehr \u00fcber ASI\"}]},{\"@type\":\"WebSite\",\"@id\":\"https:\\\/\\\/celpia.com\\\/de\\\/#website\",\"url\":\"https:\\\/\\\/celpia.com\\\/de\\\/\",\"name\":\"Celpia\",\"description\":\"Digitizing operator devices by connecting pushbuttons, switches and indicators to the AS-Interface standard\",\"potentialAction\":[{\"@type\":\"SearchAction\",\"target\":{\"@type\":\"EntryPoint\",\"urlTemplate\":\"https:\\\/\\\/celpia.com\\\/de\\\/?s={search_term_string}\"},\"query-input\":{\"@type\":\"PropertyValueSpecification\",\"valueRequired\":true,\"valueName\":\"search_term_string\"}}],\"inLanguage\":\"de\"}]}<\/script>\n<!-- \/ Yoast SEO plugin. -->","yoast_head_json":{"title":"Mehr \u00fcber ASI - Learn why Celpia uses this standard","description":"Read more about what AS-Interface (ASi) is and why we choose to work with this system. Contact us if you want to know more.","robots":{"index":"index","follow":"follow","max-snippet":"max-snippet:-1","max-image-preview":"max-image-preview:large","max-video-preview":"max-video-preview:-1"},"canonical":"https:\/\/celpia.com\/de\/mehr-ueber-asi\/","og_locale":"de_DE","og_type":"article","og_title":"Mehr \u00fcber ASI - Learn why Celpia uses this standard","og_description":"Read more about what AS-Interface (ASi) is and why we choose to work with this system. Contact us if you want to know more.","og_url":"https:\/\/celpia.com\/de\/mehr-ueber-asi\/","og_site_name":"Celpia","article_modified_time":"2025-03-27T15:29:37+00:00","twitter_card":"summary_large_image","twitter_misc":{"Gesch\u00e4tzte Lesezeit":"2\u00a0Minuten"},"schema":{"@context":"https:\/\/schema.org","@graph":[{"@type":"WebPage","@id":"https:\/\/celpia.com\/de\/mehr-ueber-asi\/","url":"https:\/\/celpia.com\/de\/mehr-ueber-asi\/","name":"Mehr \u00fcber ASI - Learn why Celpia uses this standard","isPartOf":{"@id":"https:\/\/celpia.com\/de\/#website"},"datePublished":"2019-11-07T15:57:09+00:00","dateModified":"2025-03-27T15:29:37+00:00","description":"Read more about what AS-Interface (ASi) is and why we choose to work with this system. Contact us if you want to know more.","breadcrumb":{"@id":"https:\/\/celpia.com\/de\/mehr-ueber-asi\/#breadcrumb"},"inLanguage":"de","potentialAction":[{"@type":"ReadAction","target":["https:\/\/celpia.com\/de\/mehr-ueber-asi\/"]}]},{"@type":"BreadcrumbList","@id":"https:\/\/celpia.com\/de\/mehr-ueber-asi\/#breadcrumb","itemListElement":[{"@type":"ListItem","position":1,"name":"Home","item":"https:\/\/celpia.com\/de\/"},{"@type":"ListItem","position":2,"name":"Mehr \u00fcber ASI"}]},{"@type":"WebSite","@id":"https:\/\/celpia.com\/de\/#website","url":"https:\/\/celpia.com\/de\/","name":"Celpia","description":"Digitizing operator devices by connecting pushbuttons, switches and indicators to the AS-Interface standard","potentialAction":[{"@type":"SearchAction","target":{"@type":"EntryPoint","urlTemplate":"https:\/\/celpia.com\/de\/?s={search_term_string}"},"query-input":{"@type":"PropertyValueSpecification","valueRequired":true,"valueName":"search_term_string"}}],"inLanguage":"de"}]}},"_links":{"self":[{"href":"https:\/\/celpia.com\/de\/wp-json\/wp\/v2\/pages\/1598","targetHints":{"allow":["GET"]}}],"collection":[{"href":"https:\/\/celpia.com\/de\/wp-json\/wp\/v2\/pages"}],"about":[{"href":"https:\/\/celpia.com\/de\/wp-json\/wp\/v2\/types\/page"}],"author":[{"embeddable":true,"href":"https:\/\/celpia.com\/de\/wp-json\/wp\/v2\/users\/2184"}],"replies":[{"embeddable":true,"href":"https:\/\/celpia.com\/de\/wp-json\/wp\/v2\/comments?post=1598"}],"version-history":[{"count":1,"href":"https:\/\/celpia.com\/de\/wp-json\/wp\/v2\/pages\/1598\/revisions"}],"predecessor-version":[{"id":14214,"href":"https:\/\/celpia.com\/de\/wp-json\/wp\/v2\/pages\/1598\/revisions\/14214"}],"wp:attachment":[{"href":"https:\/\/celpia.com\/de\/wp-json\/wp\/v2\/media?parent=1598"}],"curies":[{"name":"wp","href":"https:\/\/api.w.org\/{rel}","templated":true}]}}