{"id":1124,"date":"2019-11-07T16:57:09","date_gmt":"2019-11-07T15:57:09","guid":{"rendered":"https:\/\/celpia.com\/more-about-asi\/"},"modified":"2025-03-27T16:29:25","modified_gmt":"2025-03-27T15:29:25","slug":"mer-om-asi","status":"publish","type":"page","link":"https:\/\/celpia.com\/sv\/mer-om-asi\/","title":{"rendered":"Mer om ASi"},"content":{"rendered":"\t<div id=\"gap-1763932002\" class=\"gap-element clearfix gul-gap\" style=\"display:block; height:auto;\">\n\t\t\n<style>\n#gap-1763932002 {\n  padding-top: 4px;\n}\n<\/style>\n\t<\/div>\n\t\n\n  <div class=\"banner has-hover\" id=\"banner-177889223\">\n          <div class=\"banner-inner fill\">\n        <div class=\"banner-bg fill\" >\n            <img loading=\"lazy\" decoding=\"async\" width=\"1920\" height=\"1080\" src=\"https:\/\/celpia.com\/wp-content\/uploads\/2019\/11\/klipp1_0-240_0005.jpg\" class=\"bg attachment-original size-original\" alt=\"\" \/>                        <div class=\"overlay\"><\/div>            \n                    <\/div>\n\t\t\n        <div class=\"banner-layers container\">\n            <div class=\"fill banner-link\"><\/div>            \n\t<div class=\"img has-hover x95 md-x5 lg-x0 y0 md-y0 lg-y0\" id=\"image_250346463\">\n\t\t\t\t\t\t\t\t<div class=\"img-inner dark\" >\n\t\t\t<img loading=\"lazy\" decoding=\"async\" width=\"924\" height=\"800\" src=\"https:\/\/celpia.com\/wp-content\/uploads\/2019\/11\/celpia-favicon-colorwidth-1000px-1-e1573218406241-924x800.png\" class=\"attachment-large size-large\" alt=\"\" srcset=\"https:\/\/celpia.com\/wp-content\/uploads\/2019\/11\/celpia-favicon-colorwidth-1000px-1-e1573218406241-924x800.png 924w, https:\/\/celpia.com\/wp-content\/uploads\/2019\/11\/celpia-favicon-colorwidth-1000px-1-e1573218406241-462x400.png 462w, https:\/\/celpia.com\/wp-content\/uploads\/2019\/11\/celpia-favicon-colorwidth-1000px-1-e1573218406241-768x665.png 768w, https:\/\/celpia.com\/wp-content\/uploads\/2019\/11\/celpia-favicon-colorwidth-1000px-1-e1573218406241-510x442.png 510w, https:\/\/celpia.com\/wp-content\/uploads\/2019\/11\/celpia-favicon-colorwidth-1000px-1-e1573218406241.png 1155w\" sizes=\"auto, (max-width: 924px) 100vw, 924px\" \/>\t\t\t\t\t\t\n\t\t\t\t\t<\/div>\n\t\t\t\t\t\t\t\t\n<style>\n#image_250346463 {\n  width: 11%;\n}\n@media (min-width:550px) {\n  #image_250346463 {\n    width: 8%;\n  }\n}\n<\/style>\n\t<\/div>\n\t\n        <\/div>\n      <\/div>\n\n            \n<style>\n#banner-177889223 {\n  padding-top: 47px;\n}\n#banner-177889223 .overlay {\n  background-color: rgba(0, 0, 0, 0.47);\n}\n#banner-177889223 .banner-bg img {\n  object-position: 41% 50%;\n}\n@media (min-width:550px) {\n  #banner-177889223 {\n    padding-top: 134px;\n  }\n}\n@media (min-width:850px) {\n  #banner-177889223 {\n    padding-top: 187px;\n  }\n}\n<\/style>\n  <\/div>\n\n\n\n\t<section class=\"section understrukna-lankar dark\" id=\"section_283827505\">\n\t\t<div class=\"section-bg fill\" >\n\t\t\t\t\t\t\t\t\t\n\t\t\t\n\n\t\t<\/div>\n\n\t\t\n\n\t\t<div class=\"section-content relative\">\n\t\t\t\n<div class=\"row\"  id=\"row-715521435\">\n\n\t<div id=\"col-2062949172\" class=\"col small-12 large-12\"  >\n\t\t\t\t<div class=\"col-inner\"  >\n\t\t\t\n\t\t\t\n<div class=\"container section-title-container wrapper\" ><h1 class=\"section-title section-title-center\"><b aria-hidden=\"true\"><\/b><span class=\"section-title-main\" style=\"font-size:222%;color:rgb(255, 255, 255);\">Vad \u00e4r ASi?<\/span><b aria-hidden=\"true\"><\/b><\/h1><\/div>\n\t\t<\/div>\n\t\t\t\t\t<\/div>\n\n\t\n<\/div>\n<div class=\"row align-middle align-center\"  id=\"row-1328770601\">\n\n\t<div id=\"col-848411330\" class=\"col medium-6 small-12 large-6 medium-col-first\"  >\n\t\t\t\t<div class=\"col-inner\"  >\n\t\t\t\n\t\t\t\n<h1>AS-Interface &#8211; ett modernt kostnadseffektivt automationssystem<\/h1>\n<p>De Elsk\u00e5psmoduler Celpia producerar \u00e4r baserade p\u00e5 AS-Interface, eller ASi som det f\u00f6rkortas. F\u00f6rklaringen till detta \u00e4r enkel: detta \u00e4r ett modernt kostnadseffektivt system som anv\u00e4nds av m\u00e5nga f\u00f6retag inom industrin, med fokus p\u00e5 l\u00e4gre f\u00e4ltniv\u00e5. <a href=\"https:\/\/celpia.com\/sv\/var-innovation\/\">Klicka h\u00e4r f\u00f6r att l\u00e4sa mer om v\u00e5ra elsk\u00e5psmoduler<\/a>.<\/p>\n<h2>Enkel installation<\/h2>\n<p>Det finns m\u00e5nga sensorer och st\u00e4lldon som kan anslutas med en enkel installation via AS-Interfaces speciella kabel. Kabeldragningsprocessen f\u00f6renklas avsev\u00e4rt.\u00a0 Elsk\u00e5psmodulerna fr\u00e5n Celpia f\u00f6ljer samma princip.<\/p>\n\t\t<\/div>\n\t\t\t\t\t<\/div>\n\n\t\n\n\t<div id=\"col-152644004\" class=\"col medium-6 small-12 large-6\"  >\n\t\t\t\t<div class=\"col-inner\"  >\n\t\t\t\n\t\t\t\n\t<div class=\"img has-hover x md-x lg-x y md-y lg-y\" id=\"image_721645708\">\n\t\t\t\t\t\t\t\t<div class=\"img-inner dark\" >\n\t\t\t<img loading=\"lazy\" decoding=\"async\" width=\"1920\" height=\"1080\" src=\"https:\/\/celpia.com\/wp-content\/uploads\/2025\/03\/klipp2_b_399-547_0502.jpg\" class=\"attachment-original size-original\" alt=\"\" srcset=\"https:\/\/celpia.com\/wp-content\/uploads\/2025\/03\/klipp2_b_399-547_0502.jpg 1920w, https:\/\/celpia.com\/wp-content\/uploads\/2025\/03\/klipp2_b_399-547_0502-711x400.jpg 711w, https:\/\/celpia.com\/wp-content\/uploads\/2025\/03\/klipp2_b_399-547_0502-1400x788.jpg 1400w, https:\/\/celpia.com\/wp-content\/uploads\/2025\/03\/klipp2_b_399-547_0502-768x432.jpg 768w, https:\/\/celpia.com\/wp-content\/uploads\/2025\/03\/klipp2_b_399-547_0502-1536x864.jpg 1536w, https:\/\/celpia.com\/wp-content\/uploads\/2025\/03\/klipp2_b_399-547_0502-510x287.jpg 510w\" sizes=\"auto, (max-width: 1920px) 100vw, 1920px\" \/>\t\t\t\t\t\t\n\t\t\t\t\t<\/div>\n\t\t\t\t\t\t\t\t\n<style>\n#image_721645708 {\n  width: 100%;\n}\n<\/style>\n\t<\/div>\n\t\n\t\t<\/div>\n\t\t\t\t\t<\/div>\n\n\t\n<\/div>\n\t\t<\/div>\n\n\t\t\n<style>\n#section_283827505 {\n  padding-top: 60px;\n  padding-bottom: 60px;\n  background-color: rgb(29, 29, 29);\n}\n@media (min-width:850px) {\n  #section_283827505 {\n    padding-top: 90px;\n    padding-bottom: 90px;\n  }\n}\n<\/style>\n\t<\/section>\n\t\n\n\t<section class=\"section understrukna-lankar\" id=\"section_1751660176\">\n\t\t<div class=\"section-bg fill\" >\n\t\t\t\t\t\t\t\t\t\n\t\t\t\n\n\t\t<\/div>\n\n\t\t\n\n\t\t<div class=\"section-content relative\">\n\t\t\t\n<div class=\"row align-middle align-center\"  id=\"row-1242064701\">\n\n\t<div id=\"col-1205452201\" class=\"col medium-6 small-12 large-6\"  >\n\t\t\t\t<div class=\"col-inner\"  >\n\t\t\t\n\t\t\t\n\t<div class=\"img has-hover x md-x lg-x y md-y lg-y\" id=\"image_895732213\">\n\t\t\t\t\t\t\t\t<div class=\"img-inner dark\" >\n\t\t\t<img loading=\"lazy\" decoding=\"async\" width=\"1920\" height=\"1080\" src=\"https:\/\/celpia.com\/wp-content\/uploads\/2025\/03\/spikes_0481.jpg\" class=\"attachment-original size-original\" alt=\"\" srcset=\"https:\/\/celpia.com\/wp-content\/uploads\/2025\/03\/spikes_0481.jpg 1920w, https:\/\/celpia.com\/wp-content\/uploads\/2025\/03\/spikes_0481-711x400.jpg 711w, https:\/\/celpia.com\/wp-content\/uploads\/2025\/03\/spikes_0481-1400x788.jpg 1400w, https:\/\/celpia.com\/wp-content\/uploads\/2025\/03\/spikes_0481-768x432.jpg 768w, https:\/\/celpia.com\/wp-content\/uploads\/2025\/03\/spikes_0481-1536x864.jpg 1536w, https:\/\/celpia.com\/wp-content\/uploads\/2025\/03\/spikes_0481-510x287.jpg 510w\" sizes=\"auto, (max-width: 1920px) 100vw, 1920px\" \/>\t\t\t\t\t\t\n\t\t\t\t\t<\/div>\n\t\t\t\t\t\t\t\t\n<style>\n#image_895732213 {\n  width: 100%;\n}\n<\/style>\n\t<\/div>\n\t\n\t\t<\/div>\n\t\t\t\t\t<\/div>\n\n\t\n\n\t<div id=\"col-574937067\" class=\"col medium-6 small-12 large-6 medium-col-first\"  >\n\t\t\t\t<div class=\"col-inner\"  >\n\t\t\t\n\t\t\t\n<p><span style=\"font-size: 23.04px;\">D\u00e4rf\u00f6r valde Celpia detta system<\/span><\/p>\n<ul>\n<li>Direkt och enkel anslutning av sensorer \/ st\u00e4lldon eller moduler<\/li>\n<li>Omv\u00e4nd polaritetsskydd<\/li>\n<li>Data och str\u00f6m p\u00e5 en kabel<\/li>\n<li>Piercing-teknik<\/li>\n<li>Enkel anslutningsteknologi<\/li>\n<li>S\u00e4ker anslutning<\/li>\n<li>Klippning och strippning av kablar beh\u00f6ver ej g\u00f6ras<\/li>\n<li>Kan monteras i valfri position<\/li>\n<\/ul>\n<a href=\"https:\/\/www.as-interface.net\/en\/\" target=\"_blank\" class=\"button secondary expand\" rel=\"noopener\" >\n\t\t<span>F\u00f6r mer information, bes\u00f6k ASi:s hemsida<\/span>\n\t<\/a>\n\n\t\t<\/div>\n\t\t\t\t\t<\/div>\n\n\t\n<\/div>\n\t\t<\/div>\n\n\t\t\n<style>\n#section_1751660176 {\n  padding-top: 60px;\n  padding-bottom: 60px;\n}\n@media (min-width:850px) {\n  #section_1751660176 {\n    padding-top: 90px;\n    padding-bottom: 90px;\n  }\n}\n<\/style>\n\t<\/section>\n\t\n","protected":false},"excerpt":{"rendered":"","protected":false},"author":2184,"featured_media":0,"parent":0,"menu_order":0,"comment_status":"closed","ping_status":"closed","template":"page-blank.php","meta":{"footnotes":""},"class_list":["post-1124","page","type-page","status-publish","hentry"],"yoast_head":"<!-- This site is optimized with the Yoast SEO plugin v27.4 - https:\/\/yoast.com\/product\/yoast-seo-wordpress\/ -->\n<title>Mer om ASi - F\u00e5 reda p\u00e5 varf\u00f6r Celpia anv\u00e4nder detta system<\/title>\n<meta name=\"description\" content=\"L\u00e4s mer om AS-Interface (ASi) och varf\u00f6r vi v\u00e4ljer att arbeta med detta system. Kontakta oss om du vill veta mer eller har fr\u00e5gor.\" \/>\n<meta name=\"robots\" content=\"index, follow, max-snippet:-1, max-image-preview:large, max-video-preview:-1\" \/>\n<link rel=\"canonical\" href=\"https:\/\/celpia.com\/sv\/mer-om-asi\/\" \/>\n<meta property=\"og:locale\" content=\"sv_SE\" \/>\n<meta property=\"og:type\" content=\"article\" \/>\n<meta property=\"og:title\" content=\"Mer om ASi - F\u00e5 reda p\u00e5 varf\u00f6r Celpia anv\u00e4nder detta system\" \/>\n<meta property=\"og:description\" content=\"L\u00e4s mer om AS-Interface (ASi) och varf\u00f6r vi v\u00e4ljer att arbeta med detta system. Kontakta oss om du vill veta mer eller har fr\u00e5gor.\" \/>\n<meta property=\"og:url\" content=\"https:\/\/celpia.com\/sv\/mer-om-asi\/\" \/>\n<meta property=\"og:site_name\" content=\"Celpia\" \/>\n<meta property=\"article:modified_time\" content=\"2025-03-27T15:29:25+00:00\" \/>\n<meta name=\"twitter:card\" content=\"summary_large_image\" \/>\n<meta name=\"twitter:label1\" content=\"Ber\u00e4knad l\u00e4stid\" \/>\n\t<meta name=\"twitter:data1\" content=\"2 minuter\" \/>\n<script type=\"application\/ld+json\" class=\"yoast-schema-graph\">{\"@context\":\"https:\\\/\\\/schema.org\",\"@graph\":[{\"@type\":\"WebPage\",\"@id\":\"https:\\\/\\\/celpia.com\\\/sv\\\/mer-om-asi\\\/\",\"url\":\"https:\\\/\\\/celpia.com\\\/sv\\\/mer-om-asi\\\/\",\"name\":\"Mer om ASi - F\u00e5 reda p\u00e5 varf\u00f6r Celpia anv\u00e4nder detta system\",\"isPartOf\":{\"@id\":\"https:\\\/\\\/celpia.com\\\/sv\\\/#website\"},\"datePublished\":\"2019-11-07T15:57:09+00:00\",\"dateModified\":\"2025-03-27T15:29:25+00:00\",\"description\":\"L\u00e4s mer om AS-Interface (ASi) och varf\u00f6r vi v\u00e4ljer att arbeta med detta system. Kontakta oss om du vill veta mer eller har fr\u00e5gor.\",\"breadcrumb\":{\"@id\":\"https:\\\/\\\/celpia.com\\\/sv\\\/mer-om-asi\\\/#breadcrumb\"},\"inLanguage\":\"sv-SE\",\"potentialAction\":[{\"@type\":\"ReadAction\",\"target\":[\"https:\\\/\\\/celpia.com\\\/sv\\\/mer-om-asi\\\/\"]}]},{\"@type\":\"BreadcrumbList\",\"@id\":\"https:\\\/\\\/celpia.com\\\/sv\\\/mer-om-asi\\\/#breadcrumb\",\"itemListElement\":[{\"@type\":\"ListItem\",\"position\":1,\"name\":\"Home\",\"item\":\"https:\\\/\\\/celpia.com\\\/sv\\\/\"},{\"@type\":\"ListItem\",\"position\":2,\"name\":\"Mer om ASi\"}]},{\"@type\":\"WebSite\",\"@id\":\"https:\\\/\\\/celpia.com\\\/sv\\\/#website\",\"url\":\"https:\\\/\\\/celpia.com\\\/sv\\\/\",\"name\":\"Celpia\",\"description\":\"Digitizing operator devices by connecting pushbuttons, switches and indicators to the AS-Interface standard\",\"potentialAction\":[{\"@type\":\"SearchAction\",\"target\":{\"@type\":\"EntryPoint\",\"urlTemplate\":\"https:\\\/\\\/celpia.com\\\/sv\\\/?s={search_term_string}\"},\"query-input\":{\"@type\":\"PropertyValueSpecification\",\"valueRequired\":true,\"valueName\":\"search_term_string\"}}],\"inLanguage\":\"sv-SE\"}]}<\/script>\n<!-- \/ Yoast SEO plugin. -->","yoast_head_json":{"title":"Mer om ASi - F\u00e5 reda p\u00e5 varf\u00f6r Celpia anv\u00e4nder detta system","description":"L\u00e4s mer om AS-Interface (ASi) och varf\u00f6r vi v\u00e4ljer att arbeta med detta system. Kontakta oss om du vill veta mer eller har fr\u00e5gor.","robots":{"index":"index","follow":"follow","max-snippet":"max-snippet:-1","max-image-preview":"max-image-preview:large","max-video-preview":"max-video-preview:-1"},"canonical":"https:\/\/celpia.com\/sv\/mer-om-asi\/","og_locale":"sv_SE","og_type":"article","og_title":"Mer om ASi - F\u00e5 reda p\u00e5 varf\u00f6r Celpia anv\u00e4nder detta system","og_description":"L\u00e4s mer om AS-Interface (ASi) och varf\u00f6r vi v\u00e4ljer att arbeta med detta system. Kontakta oss om du vill veta mer eller har fr\u00e5gor.","og_url":"https:\/\/celpia.com\/sv\/mer-om-asi\/","og_site_name":"Celpia","article_modified_time":"2025-03-27T15:29:25+00:00","twitter_card":"summary_large_image","twitter_misc":{"Ber\u00e4knad l\u00e4stid":"2 minuter"},"schema":{"@context":"https:\/\/schema.org","@graph":[{"@type":"WebPage","@id":"https:\/\/celpia.com\/sv\/mer-om-asi\/","url":"https:\/\/celpia.com\/sv\/mer-om-asi\/","name":"Mer om ASi - F\u00e5 reda p\u00e5 varf\u00f6r Celpia anv\u00e4nder detta system","isPartOf":{"@id":"https:\/\/celpia.com\/sv\/#website"},"datePublished":"2019-11-07T15:57:09+00:00","dateModified":"2025-03-27T15:29:25+00:00","description":"L\u00e4s mer om AS-Interface (ASi) och varf\u00f6r vi v\u00e4ljer att arbeta med detta system. Kontakta oss om du vill veta mer eller har fr\u00e5gor.","breadcrumb":{"@id":"https:\/\/celpia.com\/sv\/mer-om-asi\/#breadcrumb"},"inLanguage":"sv-SE","potentialAction":[{"@type":"ReadAction","target":["https:\/\/celpia.com\/sv\/mer-om-asi\/"]}]},{"@type":"BreadcrumbList","@id":"https:\/\/celpia.com\/sv\/mer-om-asi\/#breadcrumb","itemListElement":[{"@type":"ListItem","position":1,"name":"Home","item":"https:\/\/celpia.com\/sv\/"},{"@type":"ListItem","position":2,"name":"Mer om ASi"}]},{"@type":"WebSite","@id":"https:\/\/celpia.com\/sv\/#website","url":"https:\/\/celpia.com\/sv\/","name":"Celpia","description":"Digitizing operator devices by connecting pushbuttons, switches and indicators to the AS-Interface standard","potentialAction":[{"@type":"SearchAction","target":{"@type":"EntryPoint","urlTemplate":"https:\/\/celpia.com\/sv\/?s={search_term_string}"},"query-input":{"@type":"PropertyValueSpecification","valueRequired":true,"valueName":"search_term_string"}}],"inLanguage":"sv-SE"}]}},"_links":{"self":[{"href":"https:\/\/celpia.com\/sv\/wp-json\/wp\/v2\/pages\/1124","targetHints":{"allow":["GET"]}}],"collection":[{"href":"https:\/\/celpia.com\/sv\/wp-json\/wp\/v2\/pages"}],"about":[{"href":"https:\/\/celpia.com\/sv\/wp-json\/wp\/v2\/types\/page"}],"author":[{"embeddable":true,"href":"https:\/\/celpia.com\/sv\/wp-json\/wp\/v2\/users\/2184"}],"replies":[{"embeddable":true,"href":"https:\/\/celpia.com\/sv\/wp-json\/wp\/v2\/comments?post=1124"}],"version-history":[{"count":2,"href":"https:\/\/celpia.com\/sv\/wp-json\/wp\/v2\/pages\/1124\/revisions"}],"predecessor-version":[{"id":14213,"href":"https:\/\/celpia.com\/sv\/wp-json\/wp\/v2\/pages\/1124\/revisions\/14213"}],"wp:attachment":[{"href":"https:\/\/celpia.com\/sv\/wp-json\/wp\/v2\/media?parent=1124"}],"curies":[{"name":"wp","href":"https:\/\/api.w.org\/{rel}","templated":true}]}}