{"id":1130,"date":"2019-11-07T16:56:44","date_gmt":"2019-11-07T15:56:44","guid":{"rendered":"https:\/\/celpia.com\/about-us\/"},"modified":"2025-03-27T16:26:56","modified_gmt":"2025-03-27T15:26:56","slug":"om-oss","status":"publish","type":"page","link":"https:\/\/celpia.com\/sv\/om-oss\/","title":{"rendered":"Om oss"},"content":{"rendered":"\t<div id=\"gap-741334631\" class=\"gap-element clearfix gul-gap\" style=\"display:block; height:auto;\">\n\t\t\n<style>\n#gap-741334631 {\n  padding-top: 4px;\n}\n<\/style>\n\t<\/div>\n\t\n\n  <div class=\"banner has-hover\" id=\"banner-1080884916\">\n          <div class=\"banner-inner fill\">\n        <div class=\"banner-bg fill\" >\n            <img loading=\"lazy\" decoding=\"async\" width=\"1920\" height=\"1080\" src=\"https:\/\/celpia.com\/wp-content\/uploads\/2019\/11\/klipp3_581-600_0590.jpg\" class=\"bg attachment-original size-original\" alt=\"\" \/>                        <div class=\"overlay\"><\/div>            \n                    <\/div>\n\t\t\n        <div class=\"banner-layers container\">\n            <div class=\"fill banner-link\"><\/div>            \n\t<div class=\"img has-hover x10 md-x5 lg-x0 y0 md-y0 lg-y0\" id=\"image_151837602\">\n\t\t\t\t\t\t\t\t<div class=\"img-inner dark\" >\n\t\t\t<img loading=\"lazy\" decoding=\"async\" width=\"924\" height=\"800\" src=\"https:\/\/celpia.com\/wp-content\/uploads\/2019\/11\/celpia-favicon-colorwidth-1000px-1-e1573218406241-924x800.png\" class=\"attachment-large size-large\" alt=\"\" srcset=\"https:\/\/celpia.com\/wp-content\/uploads\/2019\/11\/celpia-favicon-colorwidth-1000px-1-e1573218406241-924x800.png 924w, https:\/\/celpia.com\/wp-content\/uploads\/2019\/11\/celpia-favicon-colorwidth-1000px-1-e1573218406241-462x400.png 462w, https:\/\/celpia.com\/wp-content\/uploads\/2019\/11\/celpia-favicon-colorwidth-1000px-1-e1573218406241-768x665.png 768w, https:\/\/celpia.com\/wp-content\/uploads\/2019\/11\/celpia-favicon-colorwidth-1000px-1-e1573218406241-510x442.png 510w, https:\/\/celpia.com\/wp-content\/uploads\/2019\/11\/celpia-favicon-colorwidth-1000px-1-e1573218406241.png 1155w\" sizes=\"auto, (max-width: 924px) 100vw, 924px\" \/>\t\t\t\t\t\t\n\t\t\t\t\t<\/div>\n\t\t\t\t\t\t\t\t\n<style>\n#image_151837602 {\n  width: 11%;\n}\n@media (min-width:550px) {\n  #image_151837602 {\n    width: 8%;\n  }\n}\n<\/style>\n\t<\/div>\n\t\n        <\/div>\n      <\/div>\n\n            \n<style>\n#banner-1080884916 {\n  padding-top: 47px;\n}\n#banner-1080884916 .overlay {\n  background-color: rgba(0, 0, 0, 0.47);\n}\n#banner-1080884916 .banner-bg img {\n  object-position: 49% 57%;\n}\n@media (min-width:550px) {\n  #banner-1080884916 {\n    padding-top: 134px;\n  }\n}\n@media (min-width:850px) {\n  #banner-1080884916 {\n    padding-top: 187px;\n  }\n}\n<\/style>\n  <\/div>\n\n\n\n\t<section class=\"section understrukna-lankar\" id=\"section_438388899\">\n\t\t<div class=\"section-bg fill\" >\n\t\t\t\t\t\t\t\t\t\n\t\t\t\n\n\t\t<\/div>\n\n\t\t\n\n\t\t<div class=\"section-content relative\">\n\t\t\t\n\n  <div class=\"banner has-hover\" id=\"banner-1345210661\">\n          <div class=\"banner-inner fill\">\n        <div class=\"banner-bg fill\" >\n                                                \n                    <\/div>\n\t\t\n        <div class=\"banner-layers container\">\n            <div class=\"fill banner-link\"><\/div>            \n   <div id=\"text-box-1224594933\" class=\"text-box banner-layer x75 md-x75 lg-x75 y50 md-y50 lg-y50 res-text\">\n                                <div class=\"text-box-content text dark\">\n              \n              <div class=\"text-inner text-center\">\n                  \n\t<div class=\"img has-hover x md-x lg-x y md-y lg-y\" id=\"image_904031945\">\n\t\t\t\t\t\t\t\t<div class=\"img-inner dark\" >\n\t\t\t<img loading=\"lazy\" decoding=\"async\" width=\"1020\" height=\"209\" src=\"https:\/\/celpia.com\/wp-content\/uploads\/2022\/09\/celpia-logo-yellow-black@5x-1400x287.png\" class=\"attachment-large size-large\" alt=\"\" srcset=\"https:\/\/celpia.com\/wp-content\/uploads\/2022\/09\/celpia-logo-yellow-black@5x-1400x287.png 1400w, https:\/\/celpia.com\/wp-content\/uploads\/2022\/09\/celpia-logo-yellow-black@5x-800x164.png 800w, https:\/\/celpia.com\/wp-content\/uploads\/2022\/09\/celpia-logo-yellow-black@5x-768x158.png 768w, https:\/\/celpia.com\/wp-content\/uploads\/2022\/09\/celpia-logo-yellow-black@5x-1536x315.png 1536w, https:\/\/celpia.com\/wp-content\/uploads\/2022\/09\/celpia-logo-yellow-black@5x-2048x420.png 2048w, https:\/\/celpia.com\/wp-content\/uploads\/2022\/09\/celpia-logo-yellow-black@5x-510x105.png 510w\" sizes=\"auto, (max-width: 1020px) 100vw, 1020px\" \/>\t\t\t\t\t\t\n\t\t\t\t\t<\/div>\n\t\t\t\t\t\t\t\t\n<style>\n#image_904031945 {\n  width: 100%;\n}\n<\/style>\n\t<\/div>\n\t\n              <\/div>\n           <\/div>\n                            \n<style>\n#text-box-1224594933 {\n  width: 44%;\n}\n#text-box-1224594933 .text-box-content {\n  font-size: 322%;\n}\n<\/style>\n    <\/div>\n \n   <div id=\"text-box-1094169466\" class=\"text-box banner-layer x95 md-x90 lg-x90 y85 md-y85 lg-y85 res-text\">\n                                <div class=\"text-box-content text dark\">\n              \n              <div class=\"text-inner text-center\">\n                  \n<h2 style=\"text-align: left;\"><span style=\"font-size: 100%; color: #575656;\">?<\/span><\/h2>\n              <\/div>\n           <\/div>\n                            \n<style>\n#text-box-1094169466 {\n  width: 13%;\n}\n#text-box-1094169466 .text-box-content {\n  font-size: 100%;\n}\n@media (min-width:550px) {\n  #text-box-1094169466 {\n    width: 9%;\n  }\n  #text-box-1094169466 .text-box-content {\n    font-size: 114%;\n  }\n}\n@media (min-width:850px) {\n  #text-box-1094169466 .text-box-content {\n    font-size: 150%;\n  }\n}\n<\/style>\n    <\/div>\n \n   <div id=\"text-box-227218890\" class=\"text-box banner-layer x5 md-x5 lg-x5 y50 md-y50 lg-y50 res-text\">\n                                <div class=\"text-box-content text dark\">\n              \n              <div class=\"text-inner text-center\">\n                  \n<h2 style=\"text-align: right;\"><span style=\"font-size: 100%; color: #575656;\">Vilka \u00e4r<\/span><\/h2>\n              <\/div>\n           <\/div>\n                            \n<style>\n#text-box-227218890 {\n  width: 23%;\n}\n#text-box-227218890 .text-box-content {\n  font-size: 85%;\n}\n@media (min-width:550px) {\n  #text-box-227218890 .text-box-content {\n    font-size: 114%;\n  }\n}\n@media (min-width:850px) {\n  #text-box-227218890 .text-box-content {\n    font-size: 150%;\n  }\n}\n<\/style>\n    <\/div>\n \n        <\/div>\n      <\/div>\n\n            \n<style>\n#banner-1345210661 {\n  padding-top: 94px;\n  background-color: rgb(255,255,255);\n}\n@media (min-width:550px) {\n  #banner-1345210661 {\n    padding-top: 204px;\n  }\n}\n@media (min-width:850px) {\n  #banner-1345210661 {\n    padding-top: 160px;\n  }\n}\n<\/style>\n  <\/div>\n\n\n<div class=\"text-center\"><div class=\"is-divider divider clearfix\" style=\"max-width:282px;\"><\/div><\/div>\n<div class=\"row align-middle\"  id=\"row-316802310\">\n\n\t<div id=\"col-1405872895\" class=\"col medium-7 small-12 large-7\"  >\n\t\t\t\t<div class=\"col-inner\"  >\n\t\t\t\n\t\t\t\n<h1>Information om Celpia<\/h1>\n<p>Celpia \u00e4r en svensk konstellation best\u00e5ende av f\u00f6retr\u00e4dare fr\u00e5n f\u00f6retagen Robi AB och\u00a0 Jontronic AB. De f\u00f6renas av ambitionen att inf\u00f6ra AS-Interface (ASi) som standard f\u00f6r operat\u00f6rsenheter som tryckknappar, vred och indikatorer.<\/p>\n<h2>Celpia &#8211; information om bakgrunden<\/h2>\n<p>Verksamheten startades 2019, men samtliga involverade har en l\u00e5ng och gedigen bakgrund inom industrielektronik, kretskortstillverkning\/programmering och industriell information. Innovationen kommer fr\u00e5n ett behov av n\u00e5got som i efterhand k\u00e4nns sj\u00e4lvklart, d\u00e5 ASi \u00e4r en standard inom modern industriautomation. <a href=\"https:\/\/celpia.com\/sv\/var-innovation\/\">L\u00e4s mer om Elsk\u00e5psmodulerna h\u00e4r<\/a>.<\/p>\n<h2>Vad kan vi hj\u00e4lpa dig med?<\/h2>\n<p>Beh\u00f6ver du hj\u00e4lp med att ta din industriautomation till n\u00e4sta niv\u00e5? <a href=\"https:\/\/celpia.com\/sv\/kontakt\/\">Ta g\u00e4rna kontakt med oss h\u00e4r<\/a>, s\u00e5 tar vi dialogen d\u00e4rifr\u00e5n.<\/p>\n<h1><\/h1>\n\t\t<\/div>\n\t\t\t\t\t<\/div>\n\n\t\n\n\t<div id=\"col-1753153845\" class=\"col medium-5 small-12 large-5\"  >\n\t\t\t\t<div class=\"col-inner\"  >\n\t\t\t\n\t\t\t\n\t<div class=\"img has-hover x md-x lg-x y md-y lg-y\" id=\"image_1092390815\">\n\t\t\t\t\t\t\t\t<div class=\"img-inner dark\" >\n\t\t\t<img loading=\"lazy\" decoding=\"async\" width=\"1020\" height=\"574\" src=\"https:\/\/celpia.com\/wp-content\/uploads\/2025\/03\/klipp2_b_399-547_0482-1400x788.jpg\" class=\"attachment-large size-large\" alt=\"\" srcset=\"https:\/\/celpia.com\/wp-content\/uploads\/2025\/03\/klipp2_b_399-547_0482-1400x788.jpg 1400w, https:\/\/celpia.com\/wp-content\/uploads\/2025\/03\/klipp2_b_399-547_0482-711x400.jpg 711w, https:\/\/celpia.com\/wp-content\/uploads\/2025\/03\/klipp2_b_399-547_0482-768x432.jpg 768w, https:\/\/celpia.com\/wp-content\/uploads\/2025\/03\/klipp2_b_399-547_0482-1536x864.jpg 1536w, https:\/\/celpia.com\/wp-content\/uploads\/2025\/03\/klipp2_b_399-547_0482-510x287.jpg 510w, https:\/\/celpia.com\/wp-content\/uploads\/2025\/03\/klipp2_b_399-547_0482.jpg 1920w\" sizes=\"auto, (max-width: 1020px) 100vw, 1020px\" \/>\t\t\t\t\t\t\n\t\t\t\t\t<\/div>\n\t\t\t\t\t\t\t\t\n<style>\n#image_1092390815 {\n  width: 100%;\n}\n<\/style>\n\t<\/div>\n\t\n\t\t<\/div>\n\t\t\t\t\t<\/div>\n\n\t\n<\/div>\n\t\t<\/div>\n\n\t\t\n<style>\n#section_438388899 {\n  padding-top: 60px;\n  padding-bottom: 60px;\n}\n@media (min-width:550px) {\n  #section_438388899 {\n    padding-top: 90px;\n    padding-bottom: 90px;\n  }\n}\n<\/style>\n\t<\/section>\n\t\n","protected":false},"excerpt":{"rendered":"","protected":false},"author":2184,"featured_media":0,"parent":0,"menu_order":0,"comment_status":"closed","ping_status":"closed","template":"page-blank.php","meta":{"footnotes":""},"class_list":["post-1130","page","type-page","status-publish","hentry"],"yoast_head":"<!-- This site is optimized with the Yoast SEO plugin v27.4 - https:\/\/yoast.com\/product\/yoast-seo-wordpress\/ -->\n<title>Information om Celpia - L\u00e4s mer om v\u00e5rt f\u00f6retag h\u00e4r<\/title>\n<meta name=\"description\" content=\"Celpia \u00e4r en svensk konstellation best\u00e5ende av f\u00f6retr\u00e4dare fr\u00e5n f\u00f6retagen Robi AB, Jontronic AB och Sterner Products AB. L\u00e4s mer h\u00e4r.\" \/>\n<meta name=\"robots\" content=\"index, follow, max-snippet:-1, max-image-preview:large, max-video-preview:-1\" \/>\n<link rel=\"canonical\" href=\"https:\/\/celpia.com\/sv\/om-oss\/\" \/>\n<meta property=\"og:locale\" content=\"sv_SE\" \/>\n<meta property=\"og:type\" content=\"article\" \/>\n<meta property=\"og:title\" content=\"Information om Celpia - L\u00e4s mer om v\u00e5rt f\u00f6retag h\u00e4r\" \/>\n<meta property=\"og:description\" content=\"Celpia \u00e4r en svensk konstellation best\u00e5ende av f\u00f6retr\u00e4dare fr\u00e5n f\u00f6retagen Robi AB, Jontronic AB och Sterner Products AB. L\u00e4s mer h\u00e4r.\" \/>\n<meta property=\"og:url\" content=\"https:\/\/celpia.com\/sv\/om-oss\/\" \/>\n<meta property=\"og:site_name\" content=\"Celpia\" \/>\n<meta property=\"article:modified_time\" content=\"2025-03-27T15:26:56+00:00\" \/>\n<meta name=\"twitter:card\" content=\"summary_large_image\" \/>\n<meta name=\"twitter:label1\" content=\"Ber\u00e4knad l\u00e4stid\" \/>\n\t<meta name=\"twitter:data1\" content=\"1 minut\" \/>\n<script type=\"application\/ld+json\" class=\"yoast-schema-graph\">{\"@context\":\"https:\\\/\\\/schema.org\",\"@graph\":[{\"@type\":\"WebPage\",\"@id\":\"https:\\\/\\\/celpia.com\\\/sv\\\/om-oss\\\/\",\"url\":\"https:\\\/\\\/celpia.com\\\/sv\\\/om-oss\\\/\",\"name\":\"Information om Celpia - L\u00e4s mer om v\u00e5rt f\u00f6retag h\u00e4r\",\"isPartOf\":{\"@id\":\"https:\\\/\\\/celpia.com\\\/sv\\\/#website\"},\"datePublished\":\"2019-11-07T15:56:44+00:00\",\"dateModified\":\"2025-03-27T15:26:56+00:00\",\"description\":\"Celpia \u00e4r en svensk konstellation best\u00e5ende av f\u00f6retr\u00e4dare fr\u00e5n f\u00f6retagen Robi AB, Jontronic AB och Sterner Products AB. L\u00e4s mer h\u00e4r.\",\"breadcrumb\":{\"@id\":\"https:\\\/\\\/celpia.com\\\/sv\\\/om-oss\\\/#breadcrumb\"},\"inLanguage\":\"sv-SE\",\"potentialAction\":[{\"@type\":\"ReadAction\",\"target\":[\"https:\\\/\\\/celpia.com\\\/sv\\\/om-oss\\\/\"]}]},{\"@type\":\"BreadcrumbList\",\"@id\":\"https:\\\/\\\/celpia.com\\\/sv\\\/om-oss\\\/#breadcrumb\",\"itemListElement\":[{\"@type\":\"ListItem\",\"position\":1,\"name\":\"Home\",\"item\":\"https:\\\/\\\/celpia.com\\\/sv\\\/\"},{\"@type\":\"ListItem\",\"position\":2,\"name\":\"Om oss\"}]},{\"@type\":\"WebSite\",\"@id\":\"https:\\\/\\\/celpia.com\\\/sv\\\/#website\",\"url\":\"https:\\\/\\\/celpia.com\\\/sv\\\/\",\"name\":\"Celpia\",\"description\":\"Digitizing operator devices by connecting pushbuttons, switches and indicators to the AS-Interface standard\",\"potentialAction\":[{\"@type\":\"SearchAction\",\"target\":{\"@type\":\"EntryPoint\",\"urlTemplate\":\"https:\\\/\\\/celpia.com\\\/sv\\\/?s={search_term_string}\"},\"query-input\":{\"@type\":\"PropertyValueSpecification\",\"valueRequired\":true,\"valueName\":\"search_term_string\"}}],\"inLanguage\":\"sv-SE\"}]}<\/script>\n<!-- \/ Yoast SEO plugin. -->","yoast_head_json":{"title":"Information om Celpia - L\u00e4s mer om v\u00e5rt f\u00f6retag h\u00e4r","description":"Celpia \u00e4r en svensk konstellation best\u00e5ende av f\u00f6retr\u00e4dare fr\u00e5n f\u00f6retagen Robi AB, Jontronic AB och Sterner Products AB. L\u00e4s mer h\u00e4r.","robots":{"index":"index","follow":"follow","max-snippet":"max-snippet:-1","max-image-preview":"max-image-preview:large","max-video-preview":"max-video-preview:-1"},"canonical":"https:\/\/celpia.com\/sv\/om-oss\/","og_locale":"sv_SE","og_type":"article","og_title":"Information om Celpia - L\u00e4s mer om v\u00e5rt f\u00f6retag h\u00e4r","og_description":"Celpia \u00e4r en svensk konstellation best\u00e5ende av f\u00f6retr\u00e4dare fr\u00e5n f\u00f6retagen Robi AB, Jontronic AB och Sterner Products AB. L\u00e4s mer h\u00e4r.","og_url":"https:\/\/celpia.com\/sv\/om-oss\/","og_site_name":"Celpia","article_modified_time":"2025-03-27T15:26:56+00:00","twitter_card":"summary_large_image","twitter_misc":{"Ber\u00e4knad l\u00e4stid":"1 minut"},"schema":{"@context":"https:\/\/schema.org","@graph":[{"@type":"WebPage","@id":"https:\/\/celpia.com\/sv\/om-oss\/","url":"https:\/\/celpia.com\/sv\/om-oss\/","name":"Information om Celpia - L\u00e4s mer om v\u00e5rt f\u00f6retag h\u00e4r","isPartOf":{"@id":"https:\/\/celpia.com\/sv\/#website"},"datePublished":"2019-11-07T15:56:44+00:00","dateModified":"2025-03-27T15:26:56+00:00","description":"Celpia \u00e4r en svensk konstellation best\u00e5ende av f\u00f6retr\u00e4dare fr\u00e5n f\u00f6retagen Robi AB, Jontronic AB och Sterner Products AB. L\u00e4s mer h\u00e4r.","breadcrumb":{"@id":"https:\/\/celpia.com\/sv\/om-oss\/#breadcrumb"},"inLanguage":"sv-SE","potentialAction":[{"@type":"ReadAction","target":["https:\/\/celpia.com\/sv\/om-oss\/"]}]},{"@type":"BreadcrumbList","@id":"https:\/\/celpia.com\/sv\/om-oss\/#breadcrumb","itemListElement":[{"@type":"ListItem","position":1,"name":"Home","item":"https:\/\/celpia.com\/sv\/"},{"@type":"ListItem","position":2,"name":"Om oss"}]},{"@type":"WebSite","@id":"https:\/\/celpia.com\/sv\/#website","url":"https:\/\/celpia.com\/sv\/","name":"Celpia","description":"Digitizing operator devices by connecting pushbuttons, switches and indicators to the AS-Interface standard","potentialAction":[{"@type":"SearchAction","target":{"@type":"EntryPoint","urlTemplate":"https:\/\/celpia.com\/sv\/?s={search_term_string}"},"query-input":{"@type":"PropertyValueSpecification","valueRequired":true,"valueName":"search_term_string"}}],"inLanguage":"sv-SE"}]}},"_links":{"self":[{"href":"https:\/\/celpia.com\/sv\/wp-json\/wp\/v2\/pages\/1130","targetHints":{"allow":["GET"]}}],"collection":[{"href":"https:\/\/celpia.com\/sv\/wp-json\/wp\/v2\/pages"}],"about":[{"href":"https:\/\/celpia.com\/sv\/wp-json\/wp\/v2\/types\/page"}],"author":[{"embeddable":true,"href":"https:\/\/celpia.com\/sv\/wp-json\/wp\/v2\/users\/2184"}],"replies":[{"embeddable":true,"href":"https:\/\/celpia.com\/sv\/wp-json\/wp\/v2\/comments?post=1130"}],"version-history":[{"count":3,"href":"https:\/\/celpia.com\/sv\/wp-json\/wp\/v2\/pages\/1130\/revisions"}],"predecessor-version":[{"id":14208,"href":"https:\/\/celpia.com\/sv\/wp-json\/wp\/v2\/pages\/1130\/revisions\/14208"}],"wp:attachment":[{"href":"https:\/\/celpia.com\/sv\/wp-json\/wp\/v2\/media?parent=1130"}],"curies":[{"name":"wp","href":"https:\/\/api.w.org\/{rel}","templated":true}]}}